{"id":3677,"date":"2023-05-07T14:44:35","date_gmt":"2023-05-07T11:44:35","guid":{"rendered":"https:\/\/hernefes.com\/imprint\/"},"modified":"2023-06-18T23:07:58","modified_gmt":"2023-06-18T20:07:58","slug":"imprint","status":"publish","type":"page","link":"https:\/\/hernefes.com\/en\/imprint\/","title":{"rendered":"Imprint"},"content":{"rendered":"\n<ul class=\"has-normal-font-size wp-block-list\">\n<li style=\"font-size:16px\">Graphic Design \/ N\u00fckte Birol<\/li>\n\n\n\n<li style=\"font-size:16px\">Web Design \/ Ceyhun \u00d6zdemir<\/li>\n\n\n\n<li style=\"font-size:16px\">Copywriter \/ O\u011fuz \u00c7abuk<\/li>\n\n\n\n<li style=\"font-size:16px\">Voice Over \/ Sami Kayahan &#8211; Tu\u011f\u00e7e Y\u00fccebilgi\u00e7 &#8211; Perihan S\u00fcr\u00fcc\u00fc<\/li>\n\n\n\n<li style=\"font-size:16px\">Production \/ Alivefa B\u00fcy\u00fckaksoy<\/li>\n\n\n\n<li style=\"font-size:16px\">Post Production \/ Belgin Batum &#8211; Sibel Yel<\/li>\n\n\n\n<li style=\"font-size:16px\">Advertising and Sponsorship \/ Fatma Onat<\/li>\n\n\n\n<li style=\"font-size:16px\">Legal Advisor \/ \u015eebnem I\u015f\u0131k Ersoy<\/li>\n\n\n\n<li style=\"font-size:16px\">Editor-in-Chief and Concessionaire \/ Zeynep Aslan<\/li>\n\n\n\n<li style=\"font-size:16px\">Publisher \/ Zeynep Aslan<\/li>\n<\/ul>\n","protected":false},"excerpt":{"rendered":"","protected":false},"author":1,"featured_media":0,"parent":0,"menu_order":0,"comment_status":"closed","ping_status":"closed","template":"","meta":{"jetpack_post_was_ever_published":false,"footnotes":""},"class_list":["post-3677","page","type-page","status-publish","hentry"],"acf":[],"_links":{"self":[{"href":"https:\/\/hernefes.com\/en\/wp-json\/wp\/v2\/pages\/3677","targetHints":{"allow":["GET"]}}],"collection":[{"href":"https:\/\/hernefes.com\/en\/wp-json\/wp\/v2\/pages"}],"about":[{"href":"https:\/\/hernefes.com\/en\/wp-json\/wp\/v2\/types\/page"}],"author":[{"embeddable":true,"href":"https:\/\/hernefes.com\/en\/wp-json\/wp\/v2\/users\/1"}],"replies":[{"embeddable":true,"href":"https:\/\/hernefes.com\/en\/wp-json\/wp\/v2\/comments?post=3677"}],"version-history":[{"count":3,"href":"https:\/\/hernefes.com\/en\/wp-json\/wp\/v2\/pages\/3677\/revisions"}],"predecessor-version":[{"id":4176,"href":"https:\/\/hernefes.com\/en\/wp-json\/wp\/v2\/pages\/3677\/revisions\/4176"}],"wp:attachment":[{"href":"https:\/\/hernefes.com\/en\/wp-json\/wp\/v2\/media?parent=3677"}],"curies":[{"name":"wp","href":"https:\/\/api.w.org\/{rel}","templated":true}]}}